{"id":467,"date":"2016-07-16T15:41:58","date_gmt":"2016-07-16T13:41:58","guid":{"rendered":"http:\/\/www.aikido-poznan.pl\/blog\/?page_id=467"},"modified":"2019-04-21T13:25:13","modified_gmt":"2019-04-21T11:25:13","slug":"kalendarz-stazy-obozow","status":"publish","type":"page","link":"https:\/\/www.aikido-poznan.pl\/blog\/kalendarz-stazy-obozow\/","title":{"rendered":"Kalendarz sta\u017cy i oboz\u00f3w"},"content":{"rendered":"<p>Poni\u017cej znajdziecie list\u0119 polecanych przez nas sta\u017cy, oboz\u00f3w aikido. Je\u017celi wg Ciebie brakuje tutaj jaki\u015b aiki-wydarze\u0144 nie wahaj si\u0119 ani chwili i wy\u015blij nam emaila na adres: <a href=\"mailto:klub@aikido-poznan.pl\">klub@aikido-poznan.pl<\/a>.<\/p>\n<p><iframe style=\"border: 0;\" src=\"https:\/\/calendar.google.com\/calendar\/embed?src=aikidoshindojo%40gmail.com&amp;ctz=Europe\/Warsaw\" width=\"100%\" height=\"600\" frameborder=\"0\" scrolling=\"no\"><\/iframe><\/p>\n","protected":false},"excerpt":{"rendered":"<p>Poni\u017cej znajdziecie list\u0119 polecanych przez nas sta\u017cy, oboz\u00f3w aikido. Je\u017celi wg Ciebie brakuje tutaj jaki\u015b aiki-wydarze\u0144 nie wahaj si\u0119 ani chwili i wy\u015blij nam emaila na adres: klub@aikido-poznan.pl.<\/p>\n","protected":false},"author":2,"featured_media":0,"parent":0,"menu_order":0,"comment_status":"closed","ping_status":"closed","template":"","meta":{"footnotes":""},"class_list":["post-467","page","type-page","status-publish","hentry"],"_links":{"self":[{"href":"https:\/\/www.aikido-poznan.pl\/blog\/wp-json\/wp\/v2\/pages\/467","targetHints":{"allow":["GET"]}}],"collection":[{"href":"https:\/\/www.aikido-poznan.pl\/blog\/wp-json\/wp\/v2\/pages"}],"about":[{"href":"https:\/\/www.aikido-poznan.pl\/blog\/wp-json\/wp\/v2\/types\/page"}],"author":[{"embeddable":true,"href":"https:\/\/www.aikido-poznan.pl\/blog\/wp-json\/wp\/v2\/users\/2"}],"replies":[{"embeddable":true,"href":"https:\/\/www.aikido-poznan.pl\/blog\/wp-json\/wp\/v2\/comments?post=467"}],"version-history":[{"count":2,"href":"https:\/\/www.aikido-poznan.pl\/blog\/wp-json\/wp\/v2\/pages\/467\/revisions"}],"predecessor-version":[{"id":759,"href":"https:\/\/www.aikido-poznan.pl\/blog\/wp-json\/wp\/v2\/pages\/467\/revisions\/759"}],"wp:attachment":[{"href":"https:\/\/www.aikido-poznan.pl\/blog\/wp-json\/wp\/v2\/media?parent=467"}],"curies":[{"name":"wp","href":"https:\/\/api.w.org\/{rel}","templated":true}]}}